{"id":1508,"date":"2025-01-20T14:21:59","date_gmt":"2025-01-20T14:21:59","guid":{"rendered":"https:\/\/www.sozialwirtschaft-geht-anders.de\/?page_id=1508"},"modified":"2025-04-11T13:18:53","modified_gmt":"2025-04-11T13:18:53","slug":"datenschutz","status":"publish","type":"page","link":"https:\/\/www.sozialwirtschaft-geht-anders.de\/index.php\/datenschutz\/","title":{"rendered":"datenschutz"},"content":{"rendered":"<div class=\"fusion-fullwidth fullwidth-box fusion-builder-row-1 fusion-flex-container has-pattern-background has-mask-background nonhundred-percent-fullwidth non-hundred-percent-height-scrolling\" style=\"--awb-border-radius-top-left:0px;--awb-border-radius-top-right:0px;--awb-border-radius-bottom-right:0px;--awb-border-radius-bottom-left:0px;--awb-flex-wrap:wrap;\" ><div class=\"fusion-builder-row fusion-row fusion-flex-align-items-flex-start fusion-flex-content-wrap\" style=\"max-width:104%;margin-left: calc(-4% \/ 2 );margin-right: calc(-4% \/ 2 );\"><div class=\"fusion-layout-column fusion_builder_column fusion-builder-column-0 fusion_builder_column_1_1 1_1 fusion-flex-column\" style=\"--awb-bg-size:cover;--awb-width-large:100%;--awb-margin-top-large:0px;--awb-spacing-right-large:1.92%;--awb-margin-bottom-large:20px;--awb-spacing-left-large:1.92%;--awb-width-medium:100%;--awb-order-medium:0;--awb-spacing-right-medium:1.92%;--awb-spacing-left-medium:1.92%;--awb-width-small:100%;--awb-order-small:0;--awb-spacing-right-small:1.92%;--awb-spacing-left-small:1.92%;\"><div class=\"fusion-column-wrapper fusion-column-has-shadow fusion-flex-justify-content-flex-start fusion-content-layout-column\"><div class=\"fusion-text fusion-text-1\"><h3><span style=\"color: rgb(244, 173, 36)\">Die Sicherheit Ihrer Daten liegt mir am Herzen<\/span><\/h3>\n<h3>1. Datenschutz auf einen Blick<\/h3>\n<h4>Allgemeine Hinweise<\/h4>\n<p>Die folgenden Hinweise geben einen einfachen \u00dcberblick dar\u00fcber, was mit Ihren personenbezogenen Daten passiert, wenn Sie meine Website besuchen. Personenbezogene Daten sind alle Daten, mit denen Sie pers\u00f6nlich identifiziert werden k\u00f6nnen. Ausf\u00fchrliche Informationen zum Thema Datenschutz entnehmen Sie meiner unter diesem Text aufgef\u00fchrten Datenschutzerkl\u00e4rung.<\/p>\n<h4>Datenerfassung auf meiner Website<\/h4>\n<p>Wer ist verantwortlich f\u00fcr die Datenerfassung auf dieser Website? Die Datenverarbeitung auf dieser Website erfolgt durch den Websitebetreiber. Dessen Kontaktdaten k\u00f6nnen Sie dem Impressum dieser Website entnehmen. Wie erfassen wir Ihre Daten? Ihre Daten werden zum einen dadurch erhoben, dass Sie uns diese mitteilen. Hierbei kann es sich z. B. um Daten handeln, die Sie in ein Kontaktformular eingeben. Andere Daten werden automatisch beim Besuch der Website durch unsere IT-Systeme erfasst. Das sind vor allem technische Daten (z. B. Internetbrowser, Betriebssystem oder Uhrzeit des Seitenaufrufs). Die Erfassung dieser Daten erfolgt automatisch, sobald Sie unsere Website betreten. Wof\u00fcr nutzen wir Ihre Daten? Ein Teil der Daten wird erhoben, um eine fehlerfreie Bereitstellung der Website zu gew\u00e4hrleisten. Andere Daten k\u00f6nnen zur Analyse Ihres Nutzerverhaltens verwendet werden. Welche Rechte haben Sie bez\u00fcglich Ihrer Daten? Sie haben jederzeit das Recht unentgeltlich Auskunft \u00fcber Herkunft, Empf\u00e4nger und Zweck Ihrer gespeicherten personenbezogenen Daten zu erhalten. Sie haben au\u00dferdem ein Recht, die Berichtigung, Sperrung oder L\u00f6schung dieser Daten zu verlangen. Hierzu sowie zu weiteren Fragen zum Thema Datenschutz k\u00f6nnen Sie sich jederzeit unter der im Impressum angegebenen Adresse an uns wenden. Des Weiteren steht Ihnen ein Beschwerderecht bei der zust\u00e4ndigen Aufsichtsbeh\u00f6rde zu. Au\u00dferdem haben Sie das Recht, unter bestimmten Umst\u00e4nden die Einschr\u00e4nkung der Verarbeitung Ihrer personenbezogenen Daten zu verlangen. Details hierzu entnehmen Sie der Datenschutzerkl\u00e4rung unter \u201eRecht auf Einschr\u00e4nkung der Verarbeitung\u201c.<\/p>\n<h4>Analyse-Tools und Tools von Drittanbietern<\/h4>\n<p>Beim Besuch unserer Website kann Ihr Surf-Verhalten statistisch ausgewertet werden. Das geschieht vor allem mit Cookies und mit sogenannten Analyseprogrammen. Die Analyse Ihres Surf-Verhaltens erfolgt in der Regel anonym; das Surf-Verhalten kann nicht zu Ihnen zur\u00fcckverfolgt werden. Sie k\u00f6nnen dieser Analyse widersprechen oder sie durch die Nichtbenutzung bestimmter Tools verhindern. Detaillierte Informationen zu diesen Tools und \u00fcber Ihre Widerspruchsm\u00f6glichkeiten finden Sie in der folgenden Datenschutzerkl\u00e4rung.<\/p>\n<h3>2. Allgemeine Hinweise und Pflichtinformationen<\/h3>\n<h4>Datenschutz<\/h4>\n<p>Die Betreiber dieser Seiten nehmen den Schutz Ihrer pers\u00f6nlichen Daten sehr ernst. Wir behandeln Ihre personenbezogenen Daten vertraulich und entsprechend der gesetzlichen Datenschutzvorschriften sowie dieser Datenschutzerkl\u00e4rung. Wenn Sie diese Website benutzen, werden verschiedene personenbezogene Daten erhoben. Personenbezogene Daten sind Daten, mit denen Sie pers\u00f6nlich identifiziert werden k\u00f6nnen. Die vorliegende Datenschutzerkl\u00e4rung erl\u00e4utert, welche Daten wir erheben und wof\u00fcr wir sie nutzen. Sie erl\u00e4utert auch, wie und zu welchem Zweck das geschieht. Wir weisen darauf hin, dass die Daten\u00fcbertragung im Internet (z. B. bei der Kommunikation per E-Mail) Sicherheitsl\u00fccken aufweisen kann. Ein l\u00fcckenloser Schutz der Daten vor dem Zugriff durch Dritte ist nicht m\u00f6glich.<\/p>\n<h4>Hinweis zur verantwortlichen Stelle<\/h4>\n<p>Die verantwortliche Stelle f\u00fcr die Datenverarbeitung auf dieser Website ist:<\/p>\n<p>Ute Kappes<\/p>\n<p>Klosterstra\u00dfe 37<\/p>\n<p>97236 Randersacker<\/p>\n<p>Mobil: +49 (0) 173 6 95 12 84<\/p>\n<p>E-Mail: kontakt@ute-kappes.de<\/p>\n<p>Verantwortliche Stelle ist die nat\u00fcrliche oder juristische Person, die allein oder gemeinsam mit anderen \u00fcber die Zwecke und Mittel der Verarbeitung von personenbezogenen Daten (z. B. Namen, E-Mail-Adressen o. \u00c4.) entscheidet.<\/p>\n<h4>Widerruf Ihrer Einwilligung zur Datenverarbeitung<\/h4>\n<p>Viele Datenverarbeitungsvorg\u00e4nge sind nur mit Ihrer ausdr\u00fccklichen Einwilligung m\u00f6glich. Sie k\u00f6nnen eine bereits erteilte Einwilligung jederzeit widerrufen. Dazu reicht eine formlose Mitteilung per E-Mail an uns. Die Rechtm\u00e4\u00dfigkeit der bis zum Widerruf erfolgten Datenverarbeitung bleibt vom Widerruf unber\u00fchrt.<\/p>\n<p>Widerspruchsrecht gegen die Datenerhebung in besonderen F\u00e4llen sowie gegen Direktwerbung (Art. 21 DSGVO)<\/p>\n<p>Wenn die Datenverarbeitung auf Grundlage von Art. 6 Abs. 1 lit. e oder f DSGVO erfolgt, haben Sie jederzeit das Recht, aus Gr\u00fcnden, die sich aus Ihrer besonderen Situation ergeben, gegen die Verarbeitung Ihrer personenbezogenen Daten Widerspruch einzulegen; dies gilt auch f\u00fcr ein auf diese Bestimmungen gest\u00fctztes Profiling. Die jeweilige Rechtsgrundlage, auf denen eine Verarbeitung beruht, entnehmen Sie dieser Datenschutzerkl\u00e4rung. Wenn Sie Widerspruch einlegen, werden wir Ihre betroffenen personenbezogenen Daten nicht mehr verarbeiten, es sei denn, wir k\u00f6nnen zwingende schutzw\u00fcrdige Gr\u00fcnde f\u00fcr die Verarbeitung nachweisen, die Ihre Interessen, Rechte und Freiheiten \u00fcberwiegen oder die Verarbeitung dient der Geltendmachung, Aus\u00fcbung oder Verteidigung von Rechtsanspr\u00fcchen (Widerspruch nach Art. 21 Abs. 1 DSGVO). Werden Ihre personenbezogenen Daten verarbeitet, um Direktwerbung zu betreiben, so haben Sie das Recht, jederzeit Widerspruch gegen die Verarbeitung Sie betreffender personenbezogener Daten zum Zwecke derartiger Werbung einzulegen; dies gilt auch f\u00fcr das Profiling, soweit es mit solcher Direktwerbung in Verbindung steht. Wenn Sie widersprechen, werden Ihre personenbezogenen Daten anschlie\u00dfend nicht mehr zum Zwecke der Direktwerbung verwendet (Widerspruch nach Art. 21 Abs. 2 DSGVO).<\/p>\n<h4>Beschwerderecht bei der zust\u00e4ndigen Aufsichtsbeh\u00f6rde<\/h4>\n<p>Im Falle von Verst\u00f6\u00dfen gegen die DSGVO steht den Betroffenen ein Beschwerderecht bei einer Aufsichtsbeh\u00f6rde, insbesondere in dem Mitgliedstaat ihres gew\u00f6hnlichen Aufenthalts, ihres Arbeitsplatzes oder des Orts des mutma\u00dflichen Versto\u00dfes zu. Das Beschwerderecht besteht unbeschadet anderweitiger verwaltungsrechtlicher oder gerichtlicher Rechtsbehelfe.<\/p>\n<h4>Recht auf Daten\u00fcbertragbarkeit<\/h4>\n<p>Sie haben das Recht, Daten, die wir auf Grundlage Ihrer Einwilligung oder in Erf\u00fcllung eines Vertrags automatisiert verarbeiten, an sich oder an einen Dritten in einem g\u00e4ngigen, maschinenlesbaren Format aush\u00e4ndigen zu lassen. Sofern Sie die direkte \u00dcbertragung der Daten an einen anderen Verantwortlichen verlangen, erfolgt dies nur, soweit es technisch machbar ist.<\/p>\n<h4>SSL- bzw. TLS-Verschl\u00fcsselung<\/h4>\n<p>Diese Seite nutzt aus Sicherheitsgr\u00fcnden und zum Schutz der \u00dcbertragung vertraulicher Inhalte, wie zum Beispiel Bestellungen oder Anfragen, die Sie an uns als Seitenbetreiber senden, eine SSL-bzw. TLS-Verschl\u00fcsselung. Eine verschl\u00fcsselte Verbindung erkennen Sie daran, dass die Adresszeile des Browsers von \u201ehttp:\/\/\u201c auf \u201ehttps:\/\/\u201c wechselt und an dem Schloss-Symbol in Ihrer Browserzeile. Wenn die SSL- bzw. TLS-Verschl\u00fcsselung aktiviert ist, k\u00f6nnen die Daten, die Sie an uns \u00fcbermitteln, nicht von Dritten mitgelesen werden.<\/p>\n<h4>Auskunft, Sperrung, L\u00f6schung und Berichtigung<\/h4>\n<p>Sie haben im Rahmen der geltenden gesetzlichen Bestimmungen jederzeit das Recht auf unentgeltliche Auskunft \u00fcber Ihre gespeicherten personenbezogenen Daten, deren Herkunft und Empf\u00e4nger und den Zweck der Datenverarbeitung und ggf. ein Recht auf Berichtigung, Sperrung oder L\u00f6schung dieser Daten. Hierzu sowie zu weiteren Fragen zum Thema personenbezogene Daten k\u00f6nnen Sie sich jederzeit unter der im Impressum angegebenen Adresse an uns wenden.<\/p>\n<h4>Recht auf Einschr\u00e4nkung der Verarbeitung<\/h4>\n<p>Sie haben das Recht, die Einschr\u00e4nkung der Verarbeitung Ihrer personenbezogenen Daten zu verlangen. Hierzu k\u00f6nnen Sie sich jederzeit unter der im Impressum angegebenen Adresse an uns wenden. Das Recht auf Einschr\u00e4nkung der Verarbeitung besteht in folgenden F\u00e4llen:<\/p>\n<p>Wenn Sie die Richtigkeit Ihrer bei uns gespeicherten personenbezogenen Daten bestreiten, ben\u00f6tigen wir in der Regel Zeit, um dies zu \u00fcberpr\u00fcfen. F\u00fcr die Dauer der Pr\u00fcfung haben Sie das Recht, die Einschr\u00e4nkung der Verarbeitung Ihrer personenbezogenen Daten zu verlangen.<\/p>\n<p>Wenn die Verarbeitung Ihrer personenbezogenen Daten unrechtm\u00e4\u00dfig geschah\/geschieht, k\u00f6nnen Sie statt der L\u00f6schung die Einschr\u00e4nkung der Datenverarbeitung verlangen.<\/p>\n<p>Wenn wir Ihre personenbezogenen Daten nicht mehr ben\u00f6tigen, Sie sie jedoch zur Aus\u00fcbung, Verteidigung oder Geltendmachung von Rechtsanspr\u00fcchen ben\u00f6tigen, haben Sie das Recht, statt der L\u00f6schung die Einschr\u00e4nkung der Verarbeitung Ihrer personenbezogenen Daten zu verlangen.<\/p>\n<p>Wenn Sie einen Widerspruch nach Art. 21 Abs. 1 DSGVO eingelegt haben, muss eine Abw\u00e4gung zwischen Ihren und unseren Interessen vorgenommen werden. Solange noch nicht feststeht, wessen Interessen \u00fcberwiegen, haben Sie das Recht, die Einschr\u00e4nkung der Verarbeitung Ihrer personenbezogenen Daten zu verlangen.<\/p>\n<p>Wenn Sie die Verarbeitung Ihrer personenbezogenen Daten eingeschr\u00e4nkt haben, d\u00fcrfen diese Daten \u2013 von ihrer Speicherung abgesehen \u2013 nur mit Ihrer Einwilligung oder zur Geltendmachung, Aus\u00fcbung oder Verteidigung von Rechtsanspr\u00fcchen oder zum Schutz der Rechte einer anderen nat\u00fcrlichen oder juristischen Person oder aus Gr\u00fcnden eines wichtigen \u00f6ffentlichen Interesses der Europ\u00e4ischen Union oder eines Mitgliedstaats verarbeitet werden.<\/p>\n<h3>3. Datenerfassung auf meiner Website<\/h3>\n<h4>Cookies<\/h4>\n<p>Auf unseren Webseiten nutzen wir sogenannte Cookies. Cookies sind kleine Textdateien, die durch unseren Server bei der ersten Abfrage unserer Webseite durch Sie bzw. Ihren Browser zusammen mit der aufgerufenen Webseite an Ihren Browser geschickt werden. Ihr Browser speichert den bzw. die Cookies auf der Festplatte Ihres Endger\u00e4tes. Durch Cookies k\u00f6nnen keine Schadsoftware oder Viren auf Ihr Endger\u00e4t \u00fcbertragen, Programme ausgef\u00fchrt, bzw. Pop-up-Fenster ge\u00f6ffnet werden. Auch werden sie nicht zur Versendung von Spam verwendet. Vielmehr werden Cookies genutzt, um bestimmte Informationen zu erhalten. Wir unterscheiden hierbei zwischen technisch notwendigen Cookies, die den Betrieb der Webseiten \u00fcberhaupt erst erm\u00f6glichen und freiwilligen Cookies. Das Setzen der freiwilligen Cookies erfolgt ausschlie\u00dflich mit Ihrer Einwilligung. Bitte beachten Sie, dass, wenn Sie nur die technisch notwendigen Cookies zulassen, manche Funktionalit\u00e4ten der Webseiten nur eingeschr\u00e4nkt oder nicht verwendbar sind. Wir verwenden folgende technisch notwendige Cookies: cookieyes-consent; JSESSIONID. Diese Cookies dienen der Speicherung der Benutzereinstellungen und dient der ausschlie\u00dflichen Verwendung f\u00fcr das einwandfreie Funktionieren der Webseite. Der Cookie cookieyes-consent l\u00e4uft nach einem Jahr ab. Der Cookie JSESSIONID gilt nur f\u00fcr die aktuelle Browsersession . Es besteht f\u00fcr uns ein berechtigtes Interesse (Artikel 5 Abs. 1 lit. f DSGVO) an der Nutzung von Cookies. Dies gilt f\u00fcr Cookies, die zur Nutzung der Funktionen unserer Webseiten erforderlich sind, da diese f\u00fcr die Funktionalit\u00e4t und die bestm\u00f6gliche Bereitstellung unserer Dienste erforderlich sind. Weitere Cookies verwenden wir auf unserer Seite nicht.<\/p>\n<h4>Server-Log-Dateien<\/h4>\n<p>Der Provider der Seiten erhebt und speichert automatisch Informationen in so genannten Server-Log-Dateien, die Ihr Browser automatisch an uns \u00fcbermittelt. Dies sind:<\/p>\n<p>Browsertyp und Browserversion<\/p>\n<p>verwendetes Betriebssystem<\/p>\n<p>Referrer URL<\/p>\n<p>Hostname des zugreifenden Rechners<\/p>\n<p>Uhrzeit der Serveranfrage<\/p>\n<p>IP-Adresse<\/p>\n<p>Eine Zusammenf\u00fchrung dieser Daten mit anderen Datenquellen wird nicht vorgenommen. Die Erfassung dieser Daten erfolgt auf Grundlage von Art. 6 Abs. 1 lit. f DSGVO. Der Websitebetreiber hat ein berechtigtes Interesse an der technisch fehlerfreien Darstellung und der Optimierung seiner Website \u2013 hierzu m\u00fcssen die Server-Log-Files erfasst werden.<\/p>\n<h4>Kontaktformular<\/h4>\n<p>Wenn Sie uns per Kontaktformular Anfragen zukommen lassen, werden Ihre Angaben aus dem Anfrageformular inklusive der von Ihnen dort angegebenen Kontaktdaten zwecks Bearbeitung der Anfrage und f\u00fcr den Fall von Anschlussfragen bei uns gespeichert. Diese Daten geben wir nicht ohne Ihre Einwilligung weiter. Die Verarbeitung der in das Kontaktformular eingegebenen Daten erfolgt somit ausschlie\u00dflich auf Grundlage Ihrer Einwilligung (Art. 6 Abs. 1 lit. a DSGVO). Sie k\u00f6nnen diese Einwilligung jederzeit widerrufen. Dazu reicht eine formlose Mitteilung per E-Mail an uns. Die Rechtm\u00e4\u00dfigkeit der bis zum Widerruf erfolgten Datenverarbeitungsvorg\u00e4nge bleibt vom Widerruf unber\u00fchrt. Die von Ihnen im Kontaktformular eingegebenen Daten verbleiben bei uns, bis Sie uns zur L\u00f6schung auffordern, Ihre Einwilligung zur Speicherung widerrufen oder der Zweck f\u00fcr die Datenspeicherung entf\u00e4llt (z. B. nach abgeschlossener Bearbeitung Ihrer Anfrage). Zwingende gesetzliche Bestimmungen \u2013 insbesondere Aufbewahrungsfristen \u2013 bleiben unber\u00fchrt.<\/p>\n<h4>Kontaktaufnahme per E-Mail<\/h4>\n<p>Bei Fragen jeglicher Art bieten wir Ihnen die M\u00f6glichkeit, mit uns \u00fcber E-Mail Kontakt aufzunehmen. Beim Senden einer E-Mail an uns erfolgt die Datenverarbeitung zum Zwecke der Kontaktaufnahme mit uns nach Art. 6 Abs. 1 S. 1 lit. a DSGVO auf Grundlage Ihrer freiwillig erteilten Einwilligung. Empf\u00e4nger der Daten sind ggf. technische Dienstleister, die f\u00fcr den Betrieb und die Wartung unserer Webseite als Auftragsverarbeiter t\u00e4tig werden. Die Daten werden sp\u00e4testens mit Ablauf von 6 Monaten nach Ihrer Anfrage gel\u00f6scht, es sei denn, dass der Zweck Ihrer Anfrage noch nicht erreicht wurde. In diesem Fall wird Ihre E-Mail mit Zweckerreichung automatisch gel\u00f6scht. Sofern es zu einem Vertragsverh\u00e4ltnis kommt, unterliegen wir den gesetzlichen Aufbewahrungsfristen nach HGB und l\u00f6schen Ihre Daten nach Ablauf dieser Fristen. Die Bereitstellung Ihrer personenbezogenen Daten erfolgt freiwillig. Wir k\u00f6nnen Ihre Anfrage jedoch nur bearbeiten, sofern Sie uns Ihren Namen, Ihre E-Mail-Adresse und den Grund der Anfrage mitteilen.<\/p>\n<h3>4. Plugins und Tools<\/h3>\n<h4>Google Maps (mit Einwilligung)<\/h4>\n<p>Diese Seite nutzt \u00fcber eine API den Kartendienst Google Maps. Anbieter ist die Google Inc., 1600 Amphitheatre Parkway, Mountain View, CA 94043, USA. Zur Nutzung der Funktionen von Google Maps ist es notwendig, Ihre IP Adresse zu speichern. Die Datenerhebung erfolgt aufgrund Ihrer Einwilligung, Art 6. Abs. 1 lit. a DSGVO. [SE1] Diese Informationen werden in der Regel an einen Server von Google in den USA \u00fcbertragen und dort gespeichert. Der Anbieter dieser Seite hat keinen Einfluss auf diese Daten\u00fcbertragung. Bitte beachten Sie, dass es sich hierbei um einen Staat handelt, welches derzeit kein angemessenes Datenschutzniveau bietet. Falls die Daten in die USA \u00fcbertragen werden, besteht das Risiko, dass Ihre Daten von US-Beh\u00f6rden (Sicherheitsbeh\u00f6rden, Geheimdienste) zu Kontroll- und \u00dcberwachungszwecken verarbeitet werden k\u00f6nnen, ohne dass Ihnen dem europ\u00e4ischen und nationalen Rechtssystem vergleichbare Rechtsbehelfsm\u00f6glichkeiten dagegen zustehen. Mehr Informationen zum Umgang mit Nutzerdaten finden Sie in der Datenschutzerkl\u00e4rung von Google: https:\/\/www.google.de\/intl\/de\/policies\/privacy\/.<\/p>\n<\/div><\/div><\/div><\/div><\/div>\n","protected":false},"excerpt":{"rendered":"","protected":false},"author":2,"featured_media":0,"parent":0,"menu_order":0,"comment_status":"closed","ping_status":"closed","template":"","meta":{"_bbp_topic_count":0,"_bbp_reply_count":0,"_bbp_total_topic_count":0,"_bbp_total_reply_count":0,"_bbp_voice_count":0,"_bbp_anonymous_reply_count":0,"_bbp_topic_count_hidden":0,"_bbp_reply_count_hidden":0,"_bbp_forum_subforum_count":0,"content-type":"","inline_featured_image":false,"footnotes":""},"class_list":["post-1508","page","type-page","status-publish","hentry"],"yoast_head":"<!-- This site is optimized with the Yoast SEO plugin v27.3 - https:\/\/yoast.com\/product\/yoast-seo-wordpress\/ -->\n<title>datenschutz - Sozialwirtschaft geht anders<\/title>\n<meta name=\"robots\" content=\"noindex, follow, max-snippet:-1, max-image-preview:large, max-video-preview:-1\" \/>\n<meta property=\"og:locale\" content=\"de_DE\" \/>\n<meta property=\"og:type\" content=\"article\" \/>\n<meta property=\"og:title\" content=\"datenschutz - Sozialwirtschaft geht anders\" \/>\n<meta property=\"og:url\" content=\"https:\/\/www.sozialwirtschaft-geht-anders.de\/index.php\/datenschutz\/\" \/>\n<meta property=\"og:site_name\" content=\"Sozialwirtschaft geht anders\" \/>\n<meta property=\"article:modified_time\" content=\"2025-04-11T13:18:53+00:00\" \/>\n<meta name=\"twitter:card\" content=\"summary_large_image\" \/>\n<meta name=\"twitter:label1\" content=\"Gesch\u00e4tzte Lesezeit\" \/>\n\t<meta name=\"twitter:data1\" content=\"12\u00a0Minuten\" \/>\n<script type=\"application\/ld+json\" class=\"yoast-schema-graph\">{\"@context\":\"https:\\\/\\\/schema.org\",\"@graph\":[{\"@type\":\"WebPage\",\"@id\":\"https:\\\/\\\/www.sozialwirtschaft-geht-anders.de\\\/index.php\\\/datenschutz\\\/\",\"url\":\"https:\\\/\\\/www.sozialwirtschaft-geht-anders.de\\\/index.php\\\/datenschutz\\\/\",\"name\":\"datenschutz - Sozialwirtschaft geht anders\",\"isPartOf\":{\"@id\":\"https:\\\/\\\/www.sozialwirtschaft-geht-anders.de\\\/#website\"},\"datePublished\":\"2025-01-20T14:21:59+00:00\",\"dateModified\":\"2025-04-11T13:18:53+00:00\",\"breadcrumb\":{\"@id\":\"https:\\\/\\\/www.sozialwirtschaft-geht-anders.de\\\/index.php\\\/datenschutz\\\/#breadcrumb\"},\"inLanguage\":\"de\",\"potentialAction\":[{\"@type\":\"ReadAction\",\"target\":[\"https:\\\/\\\/www.sozialwirtschaft-geht-anders.de\\\/index.php\\\/datenschutz\\\/\"]}]},{\"@type\":\"BreadcrumbList\",\"@id\":\"https:\\\/\\\/www.sozialwirtschaft-geht-anders.de\\\/index.php\\\/datenschutz\\\/#breadcrumb\",\"itemListElement\":[{\"@type\":\"ListItem\",\"position\":1,\"name\":\"Startseite\",\"item\":\"https:\\\/\\\/www.sozialwirtschaft-geht-anders.de\\\/\"},{\"@type\":\"ListItem\",\"position\":2,\"name\":\"datenschutz\"}]},{\"@type\":\"WebSite\",\"@id\":\"https:\\\/\\\/www.sozialwirtschaft-geht-anders.de\\\/#website\",\"url\":\"https:\\\/\\\/www.sozialwirtschaft-geht-anders.de\\\/\",\"name\":\"Sozialwirtschaft geht anders\",\"description\":\"Ute Kappes \u2013 Coach &amp; Mentorin f\u00fcr Leader*innen in der Sozialwirtschaft\",\"potentialAction\":[{\"@type\":\"SearchAction\",\"target\":{\"@type\":\"EntryPoint\",\"urlTemplate\":\"https:\\\/\\\/www.sozialwirtschaft-geht-anders.de\\\/?s={search_term_string}\"},\"query-input\":{\"@type\":\"PropertyValueSpecification\",\"valueRequired\":true,\"valueName\":\"search_term_string\"}}],\"inLanguage\":\"de\"}]}<\/script>\n<!-- \/ Yoast SEO plugin. -->","yoast_head_json":{"title":"datenschutz - Sozialwirtschaft geht anders","robots":{"index":"noindex","follow":"follow","max-snippet":"max-snippet:-1","max-image-preview":"max-image-preview:large","max-video-preview":"max-video-preview:-1"},"og_locale":"de_DE","og_type":"article","og_title":"datenschutz - Sozialwirtschaft geht anders","og_url":"https:\/\/www.sozialwirtschaft-geht-anders.de\/index.php\/datenschutz\/","og_site_name":"Sozialwirtschaft geht anders","article_modified_time":"2025-04-11T13:18:53+00:00","twitter_card":"summary_large_image","twitter_misc":{"Gesch\u00e4tzte Lesezeit":"12\u00a0Minuten"},"schema":{"@context":"https:\/\/schema.org","@graph":[{"@type":"WebPage","@id":"https:\/\/www.sozialwirtschaft-geht-anders.de\/index.php\/datenschutz\/","url":"https:\/\/www.sozialwirtschaft-geht-anders.de\/index.php\/datenschutz\/","name":"datenschutz - Sozialwirtschaft geht anders","isPartOf":{"@id":"https:\/\/www.sozialwirtschaft-geht-anders.de\/#website"},"datePublished":"2025-01-20T14:21:59+00:00","dateModified":"2025-04-11T13:18:53+00:00","breadcrumb":{"@id":"https:\/\/www.sozialwirtschaft-geht-anders.de\/index.php\/datenschutz\/#breadcrumb"},"inLanguage":"de","potentialAction":[{"@type":"ReadAction","target":["https:\/\/www.sozialwirtschaft-geht-anders.de\/index.php\/datenschutz\/"]}]},{"@type":"BreadcrumbList","@id":"https:\/\/www.sozialwirtschaft-geht-anders.de\/index.php\/datenschutz\/#breadcrumb","itemListElement":[{"@type":"ListItem","position":1,"name":"Startseite","item":"https:\/\/www.sozialwirtschaft-geht-anders.de\/"},{"@type":"ListItem","position":2,"name":"datenschutz"}]},{"@type":"WebSite","@id":"https:\/\/www.sozialwirtschaft-geht-anders.de\/#website","url":"https:\/\/www.sozialwirtschaft-geht-anders.de\/","name":"Sozialwirtschaft geht anders","description":"Ute Kappes \u2013 Coach &amp; Mentorin f\u00fcr Leader*innen in der Sozialwirtschaft","potentialAction":[{"@type":"SearchAction","target":{"@type":"EntryPoint","urlTemplate":"https:\/\/www.sozialwirtschaft-geht-anders.de\/?s={search_term_string}"},"query-input":{"@type":"PropertyValueSpecification","valueRequired":true,"valueName":"search_term_string"}}],"inLanguage":"de"}]}},"_links":{"self":[{"href":"https:\/\/www.sozialwirtschaft-geht-anders.de\/index.php\/wp-json\/wp\/v2\/pages\/1508","targetHints":{"allow":["GET"]}}],"collection":[{"href":"https:\/\/www.sozialwirtschaft-geht-anders.de\/index.php\/wp-json\/wp\/v2\/pages"}],"about":[{"href":"https:\/\/www.sozialwirtschaft-geht-anders.de\/index.php\/wp-json\/wp\/v2\/types\/page"}],"author":[{"embeddable":true,"href":"https:\/\/www.sozialwirtschaft-geht-anders.de\/index.php\/wp-json\/wp\/v2\/users\/2"}],"replies":[{"embeddable":true,"href":"https:\/\/www.sozialwirtschaft-geht-anders.de\/index.php\/wp-json\/wp\/v2\/comments?post=1508"}],"version-history":[{"count":23,"href":"https:\/\/www.sozialwirtschaft-geht-anders.de\/index.php\/wp-json\/wp\/v2\/pages\/1508\/revisions"}],"predecessor-version":[{"id":2165,"href":"https:\/\/www.sozialwirtschaft-geht-anders.de\/index.php\/wp-json\/wp\/v2\/pages\/1508\/revisions\/2165"}],"wp:attachment":[{"href":"https:\/\/www.sozialwirtschaft-geht-anders.de\/index.php\/wp-json\/wp\/v2\/media?parent=1508"}],"curies":[{"name":"wp","href":"https:\/\/api.w.org\/{rel}","templated":true}]}}